{"id":999,"date":"2024-05-30T12:27:34","date_gmt":"2024-05-30T12:27:34","guid":{"rendered":"https:\/\/pood.vorufoto.ee\/?post_type=product&#038;p=999"},"modified":"2024-09-27T10:17:42","modified_gmt":"2024-09-27T10:17:42","slug":"oma-fotoga-valge-tass","status":"publish","type":"product","link":"https:\/\/pood.vorufoto.ee\/en\/shop\/fotomeened-oma-pildiga\/oma-fotoga-valge-tass\/","title":{"rendered":"Oma fotoga valge tass"},"content":{"rendered":"","protected":false},"excerpt":{"rendered":"<ul>\n<li>Tassi hind 9.- (sisaldab \u00fchte oma fotot).<\/li>\n<li>Lisafoto 2.-<\/li>\n<li>Teksti jm kujunduselementide lisamine 2 kuni 5 eurot<\/li>\n<\/ul>\n<p>T\u00e4psema info ja hinna saamiseks v\u00f5tke meiega telefoni v\u00f5i e-maili teel \u00fchendust<\/p>\n","protected":false},"featured_media":1000,"template":"","meta":[],"product_cat":[30],"product_tag":[],"class_list":["post-999","product","type-product","status-publish","has-post-thumbnail","hentry","product_cat-fotomeened-oma-pildiga"],"_links":{"self":[{"href":"https:\/\/pood.vorufoto.ee\/en\/wp-json\/wp\/v2\/product\/999","targetHints":{"allow":["GET"]}}],"collection":[{"href":"https:\/\/pood.vorufoto.ee\/en\/wp-json\/wp\/v2\/product"}],"about":[{"href":"https:\/\/pood.vorufoto.ee\/en\/wp-json\/wp\/v2\/types\/product"}],"wp:featuredmedia":[{"embeddable":true,"href":"https:\/\/pood.vorufoto.ee\/en\/wp-json\/wp\/v2\/media\/1000"}],"wp:attachment":[{"href":"https:\/\/pood.vorufoto.ee\/en\/wp-json\/wp\/v2\/media?parent=999"}],"wp:term":[{"taxonomy":"product_cat","embeddable":true,"href":"https:\/\/pood.vorufoto.ee\/en\/wp-json\/wp\/v2\/product_cat?post=999"},{"taxonomy":"product_tag","embeddable":true,"href":"https:\/\/pood.vorufoto.ee\/en\/wp-json\/wp\/v2\/product_tag?post=999"}],"curies":[{"name":"wp","href":"https:\/\/api.w.org\/{rel}","templated":true}]}}