{"id":992,"date":"2024-05-21T08:56:46","date_gmt":"2024-05-21T08:56:46","guid":{"rendered":"https:\/\/pood.vorufoto.ee\/?post_type=product&#038;p=992"},"modified":"2024-05-21T09:11:57","modified_gmt":"2024-05-21T09:11:57","slug":"kalender-trio","status":"publish","type":"product","link":"https:\/\/pood.vorufoto.ee\/en\/shop\/fotomeened-oma-pildiga\/kalender-trio\/","title":{"rendered":"Kalender TRIO"},"content":{"rendered":"<p>TRIO kalendris on korraga n\u00e4ha kolm kuud. Kalendreid saab tellida nii \u00fche pildiga kui ka 12 pildiga (igal kuul erinev pilt). Kalendri fotode \u00fcleslaadimiseks v\u00f5ib kasutada Digifotode tellimise moodulit (valida \u00fcksk\u00f5ik mis pildi suurus, kuid Lisainfo lahtrisse m\u00e4rkida, et foto(d) on kalendri jaoks). Sealjuures \u00e4rge tellimuse summale t\u00e4helepanu p\u00f6\u00f6rake. Failid saab edastada meile ka meili teel. V\u00f5ib tuua ka m\u00e4lupulgal v\u00f5i laadida telefonist kohapeal. NB! J\u00e4lgige, et kalendri jaoks valitud pildid oleksid Landscape formaadis ehk laiupidi pildistatud (l\u00f5igatud)<\/p>\n","protected":false},"excerpt":{"rendered":"<p>TRIO kalendris on korraga n\u00e4ha kolm kuud. Kalendreid saab tellida nii \u00fche pildiga kui ka 12 pildiga (igal kuul erinev pilt). Kalendri fotode \u00fcleslaadimiseks v\u00f5ib kasutada Digifotode tellimise moodulit (valida \u00fcksk\u00f5ik mis pildi suurus, kuid Lisainfo lahtrisse m\u00e4rkida, et foto(d) on kalendri jaoks). Sealjuures \u00e4rge tellimuse summale t\u00e4helepanu p\u00f6\u00f6rake. Failid saab edastada meile ka meili<\/p>\n<div class=\"more-link\">\n\t\t\t\t <a href=\"https:\/\/pood.vorufoto.ee\/en\/shop\/fotomeened-oma-pildiga\/kalender-trio\/\" class=\"btn theme-btn\"><span>Continue Reading <\/span><i class=\"icofont-thin-double-right\"><\/i><\/a>\n\t\t\t<\/div>\n","protected":false},"featured_media":993,"template":"","meta":[],"product_cat":[30],"product_tag":[],"class_list":["post-992","product","type-product","status-publish","has-post-thumbnail","hentry","product_cat-fotomeened-oma-pildiga"],"_links":{"self":[{"href":"https:\/\/pood.vorufoto.ee\/en\/wp-json\/wp\/v2\/product\/992","targetHints":{"allow":["GET"]}}],"collection":[{"href":"https:\/\/pood.vorufoto.ee\/en\/wp-json\/wp\/v2\/product"}],"about":[{"href":"https:\/\/pood.vorufoto.ee\/en\/wp-json\/wp\/v2\/types\/product"}],"wp:featuredmedia":[{"embeddable":true,"href":"https:\/\/pood.vorufoto.ee\/en\/wp-json\/wp\/v2\/media\/993"}],"wp:attachment":[{"href":"https:\/\/pood.vorufoto.ee\/en\/wp-json\/wp\/v2\/media?parent=992"}],"wp:term":[{"taxonomy":"product_cat","embeddable":true,"href":"https:\/\/pood.vorufoto.ee\/en\/wp-json\/wp\/v2\/product_cat?post=992"},{"taxonomy":"product_tag","embeddable":true,"href":"https:\/\/pood.vorufoto.ee\/en\/wp-json\/wp\/v2\/product_tag?post=992"}],"curies":[{"name":"wp","href":"https:\/\/api.w.org\/{rel}","templated":true}]}}