{"id":984,"date":"2024-05-21T08:01:13","date_gmt":"2024-05-21T08:01:13","guid":{"rendered":"https:\/\/pood.vorufoto.ee\/?post_type=product&#038;p=984"},"modified":"2024-05-21T09:12:23","modified_gmt":"2024-05-21T09:12:23","slug":"kalender-uno","status":"publish","type":"product","link":"https:\/\/pood.vorufoto.ee\/en\/shop\/fotomeened-oma-pildiga\/kalender-uno\/","title":{"rendered":"Kalender UNO"},"content":{"rendered":"<p>UNO kalendris on korraga n\u00e4ha vaid \u00fcks kuu. Kalendreid saab tellida nii \u00fche pildiga kui ka 12 pildiga (igal kuul erinev pilt). Kalendri fotode \u00fcleslaadimiseks v\u00f5ib kasutada Digifotode tellimise moodulit (valida \u00fcksk\u00f5ik mis pildi suurus, kuid Lisainfo lahtrisse m\u00e4rkida, et foto(d) on kalendri jaoks). Sealjuures \u00e4rge tellimuse summale t\u00e4helepanu p\u00f6\u00f6rake. Failid saab edastada meile ka meili teel. V\u00f5ib tuua ka m\u00e4lupulgal v\u00f5i laadida telefonist kohapeal. NB! J\u00e4lgige, et kalendri jaoks valitud pildid oleksid Landscape formaadis ehk laiupidi pildistatud (l\u00f5igatud)<\/p>\n","protected":false},"excerpt":{"rendered":"<p>UNO kalendris on korraga n\u00e4ha vaid \u00fcks kuu. Kalendreid saab tellida nii \u00fche pildiga kui ka 12 pildiga (igal kuul erinev pilt). Kalendri fotode \u00fcleslaadimiseks v\u00f5ib kasutada Digifotode tellimise moodulit (valida \u00fcksk\u00f5ik mis pildi suurus, kuid Lisainfo lahtrisse m\u00e4rkida, et foto(d) on kalendri jaoks). Sealjuures \u00e4rge tellimuse summale t\u00e4helepanu p\u00f6\u00f6rake. Failid saab edastada meile ka<\/p>\n<div class=\"more-link\">\n\t\t\t\t <a href=\"https:\/\/pood.vorufoto.ee\/en\/shop\/fotomeened-oma-pildiga\/kalender-uno\/\" class=\"btn theme-btn\"><span>Continue Reading <\/span><i class=\"icofont-thin-double-right\"><\/i><\/a>\n\t\t\t<\/div>\n","protected":false},"featured_media":989,"template":"","meta":[],"product_cat":[30],"product_tag":[],"class_list":["post-984","product","type-product","status-publish","has-post-thumbnail","hentry","product_cat-fotomeened-oma-pildiga"],"_links":{"self":[{"href":"https:\/\/pood.vorufoto.ee\/en\/wp-json\/wp\/v2\/product\/984","targetHints":{"allow":["GET"]}}],"collection":[{"href":"https:\/\/pood.vorufoto.ee\/en\/wp-json\/wp\/v2\/product"}],"about":[{"href":"https:\/\/pood.vorufoto.ee\/en\/wp-json\/wp\/v2\/types\/product"}],"wp:featuredmedia":[{"embeddable":true,"href":"https:\/\/pood.vorufoto.ee\/en\/wp-json\/wp\/v2\/media\/989"}],"wp:attachment":[{"href":"https:\/\/pood.vorufoto.ee\/en\/wp-json\/wp\/v2\/media?parent=984"}],"wp:term":[{"taxonomy":"product_cat","embeddable":true,"href":"https:\/\/pood.vorufoto.ee\/en\/wp-json\/wp\/v2\/product_cat?post=984"},{"taxonomy":"product_tag","embeddable":true,"href":"https:\/\/pood.vorufoto.ee\/en\/wp-json\/wp\/v2\/product_tag?post=984"}],"curies":[{"name":"wp","href":"https:\/\/api.w.org\/{rel}","templated":true}]}}