{"id":646,"date":"2024-02-02T10:49:58","date_gmt":"2024-02-02T10:49:58","guid":{"rendered":"https:\/\/pood.vorufoto.ee\/?post_type=product&#038;p=646"},"modified":"2026-02-13T08:04:43","modified_gmt":"2026-02-13T08:04:43","slug":"uhekordne-kaamera-agfaphoto-27-400","status":"publish","type":"product","link":"https:\/\/pood.vorufoto.ee\/en\/shop\/kaamerad\/uhekordne-kaamera-agfaphoto-27-400\/","title":{"rendered":"\u00dchekordne kaamera AGFAPHOTO 27\/400"},"content":{"rendered":"<ul>\n<li>\u00dchekordne v\u00e4lguga kaamera<\/li>\n<li>V\u00e4rviline film<\/li>\n<li>ISO 400 keskmise tundlikkusega<\/li>\n<li>27 kaadrit<\/li>\n<li>C41 ilmutusprotsess<\/li>\n<\/ul>\n","protected":false},"excerpt":{"rendered":"<p>\u00dchekordne v\u00e4lguga kaamera V\u00e4rviline film ISO 400 keskmise tundlikkusega 27 kaadrit C41 ilmutusprotsess<\/p>\n","protected":false},"featured_media":647,"template":"","meta":[],"product_cat":[24],"product_tag":[],"class_list":["post-646","product","type-product","status-publish","has-post-thumbnail","hentry","product_cat-kaamerad"],"_links":{"self":[{"href":"https:\/\/pood.vorufoto.ee\/en\/wp-json\/wp\/v2\/product\/646","targetHints":{"allow":["GET"]}}],"collection":[{"href":"https:\/\/pood.vorufoto.ee\/en\/wp-json\/wp\/v2\/product"}],"about":[{"href":"https:\/\/pood.vorufoto.ee\/en\/wp-json\/wp\/v2\/types\/product"}],"wp:featuredmedia":[{"embeddable":true,"href":"https:\/\/pood.vorufoto.ee\/en\/wp-json\/wp\/v2\/media\/647"}],"wp:attachment":[{"href":"https:\/\/pood.vorufoto.ee\/en\/wp-json\/wp\/v2\/media?parent=646"}],"wp:term":[{"taxonomy":"product_cat","embeddable":true,"href":"https:\/\/pood.vorufoto.ee\/en\/wp-json\/wp\/v2\/product_cat?post=646"},{"taxonomy":"product_tag","embeddable":true,"href":"https:\/\/pood.vorufoto.ee\/en\/wp-json\/wp\/v2\/product_tag?post=646"}],"curies":[{"name":"wp","href":"https:\/\/api.w.org\/{rel}","templated":true}]}}