{"id":639,"date":"2024-02-02T10:48:02","date_gmt":"2024-02-02T10:48:02","guid":{"rendered":"https:\/\/pood.vorufoto.ee\/?post_type=product&#038;p=639"},"modified":"2024-02-02T11:08:46","modified_gmt":"2024-02-02T11:08:46","slug":"uhekordne-kaamera-agfafoto-wedding-27-400","status":"publish","type":"product","link":"https:\/\/pood.vorufoto.ee\/en\/shop\/kaamerad\/uhekordne-kaamera-agfafoto-wedding-27-400\/","title":{"rendered":"\u00dchekordne kaamera AGFAFOTO Wedding 27\/400"},"content":{"rendered":"<ul>\n<li>\u00dchekordne v\u00e4lguga kaamera<\/li>\n<li>27 kaadrit<\/li>\n<li>V\u00e4rviline film<\/li>\n<li>Filmi tundlikkus: ISO 400<\/li>\n<\/ul>\n","protected":false},"excerpt":{"rendered":"<p>\u00dchekordne v\u00e4lguga kaamera 27 kaadrit V\u00e4rviline film Filmi tundlikkus: ISO 400<\/p>\n","protected":false},"featured_media":640,"template":"","meta":[],"product_cat":[24],"product_tag":[],"class_list":["post-639","product","type-product","status-publish","has-post-thumbnail","hentry","product_cat-kaamerad"],"_links":{"self":[{"href":"https:\/\/pood.vorufoto.ee\/en\/wp-json\/wp\/v2\/product\/639","targetHints":{"allow":["GET"]}}],"collection":[{"href":"https:\/\/pood.vorufoto.ee\/en\/wp-json\/wp\/v2\/product"}],"about":[{"href":"https:\/\/pood.vorufoto.ee\/en\/wp-json\/wp\/v2\/types\/product"}],"wp:featuredmedia":[{"embeddable":true,"href":"https:\/\/pood.vorufoto.ee\/en\/wp-json\/wp\/v2\/media\/640"}],"wp:attachment":[{"href":"https:\/\/pood.vorufoto.ee\/en\/wp-json\/wp\/v2\/media?parent=639"}],"wp:term":[{"taxonomy":"product_cat","embeddable":true,"href":"https:\/\/pood.vorufoto.ee\/en\/wp-json\/wp\/v2\/product_cat?post=639"},{"taxonomy":"product_tag","embeddable":true,"href":"https:\/\/pood.vorufoto.ee\/en\/wp-json\/wp\/v2\/product_tag?post=639"}],"curies":[{"name":"wp","href":"https:\/\/api.w.org\/{rel}","templated":true}]}}