{"id":631,"date":"2024-02-02T10:30:36","date_gmt":"2024-02-02T10:30:36","guid":{"rendered":"https:\/\/pood.vorufoto.ee\/?post_type=product&#038;p=631"},"modified":"2024-02-02T10:36:00","modified_gmt":"2024-02-02T10:36:00","slug":"digifotoaparaat-kodak-pixpro-wpz2","status":"publish","type":"product","link":"https:\/\/pood.vorufoto.ee\/en\/shop\/kaamerad\/digifotoaparaat-kodak-pixpro-wpz2\/","title":{"rendered":"Digifotoaparaat Kodak Pixpro WPZ2"},"content":{"rendered":"<p>Funktsioonid<\/p>\n<div>16 MP CMOS sensor<\/div>\n<div>4x optiline suum<\/div>\n<div>1080p HD video<\/div>\n<div>15m veekindel<\/div>\n<div>2 m p\u00f5rutus-\/tolmukindel<\/div>\n<div>Wi-Fi\u00ae \u00fchendus<\/div>\n<div>Liitium-ioon aku<\/div>\n<div><\/div>\n<div>Tehnilised andmed<\/div>\n<div><\/div>\n<div>Aku<\/div>\n<div>Aku t\u00fc\u00fcp: LB-015<\/div>\n<div>Aku maht: 700 mAh<\/div>\n<div>Aku pinge: 3,7 V<\/div>\n<div>Aku tehnoloogia: liitium-ioon<\/div>\n<div><\/div>\n<div>Kaamera<\/div>\n<div>High Dynamic Range (HDR) videot\u00f6\u00f6tlus: jah<\/div>\n<div>Pildistusre\u017eiimid: automaatne, film<\/div>\n<div>Valge tasakaal: automaatne, pilvine, p\u00e4evavalgus, luminofoorlamp, h\u00f5\u00f5glamp, k\u00e4sitsi, veealune<\/div>\n<div><\/div>\n<div>Disain<\/div>\n<div>Kaamera t\u00fc\u00fcp: kompaktkaamera<\/div>\n<div>Veekindel: Jah<\/div>\n<div>Veekindel kuni: 15 m<\/div>\n<div>P\u00f5rutuskindel: jah<\/div>\n<div>Tolmukindel: Jah<\/div>\n<div>Toote v\u00e4rv: sinine<\/div>\n<div><\/div>\n<div>Ekraan<\/div>\n<div>Ekraani diagonaal: 6,86 cm (2,7 tolli)<\/div>\n<div>Puuteekraan: ei<\/div>\n<div>Ekraan: LCD<\/div>\n<div><\/div>\n<div>Valguse s\u00e4ritus<\/div>\n<div>Valguse m\u00f5\u00f5tmine: keskele kaalutud, punkt<\/div>\n<div>Valguse s\u00e4rituse korrigeerimine: \u00b1 3EV (1\/3EV samm)<\/div>\n<div>Valguse s\u00e4rituse juhtimine: Programm AE<\/div>\n<div>ISO tundlikkus: 100, 200, 400, 800, 1600, 3200<\/div>\n<div>ISO tundlikkus (max): 3200<\/div>\n<div>ISO tundlikkus (min): 100<\/div>\n<div><\/div>\n<div>V\u00e4lklamp<\/div>\n<div>V\u00e4lgu ulatus (tele): 1 &#8211; 2,4 m<\/div>\n<div>V\u00e4lgu ulatus (lai): 0,3 &#8211; 5,2 m<\/div>\n<div>V\u00e4lgu laadimisaeg: 6 s<\/div>\n<div>V\u00e4lgure\u017eiimid: automaatne, t\u00e4itmine, sundv\u00e4ljas, punasilmsuse v\u00e4hendamine, aeglane s\u00fcnkroonimine<\/div>\n<div><\/div>\n<div>Keskendumine<\/div>\n<div>Tavaline teravustamisvahemik (lai): 0,6\u20138<\/div>\n<div>Tavaline teravustamisulatus (tele): 1\u20138<\/div>\n<div>Automaatse teravustamise (AF) re\u017eiimid: mitmepunktiline autofookus, \u00fche automaatne teravustamine<\/div>\n<div>Fookuse reguleerimine: Automaatne<\/div>\n<div>Fookus: TTL<\/div>\n<div><\/div>\n<div>Objektiivi s\u00fcsteem<\/div>\n<div>Kombineeritud suum: 24x<\/div>\n<div>Objektiivi struktuur (elemendid\/r\u00fchmad): 7\/7<\/div>\n<div>Maksimaalne fookuskaugus (35 mm filmi ekvivalent): 108 mm<\/div>\n<div>Minimaalne fookuskaugus (35 mm filmi ekvivalent): 27 mm<\/div>\n<div>Fookuskauguse vahemik: 4,9 &#8211; 19,6 mm<\/div>\n<div>Digitaalne suum: 6x<\/div>\n<div>Optiline suum: 4x<\/div>\n<div><\/div>\n<div>M\u00e4lu<\/div>\n<div>Maksimaalne m\u00e4lukaardi suurus: 32 GB<\/div>\n<div>M\u00e4lupesad: 1<\/div>\n<div>\u00dchilduvad m\u00e4lukaardid: MicroSD (TransFlash), MicroSDHC<\/div>\n<div>Sisem\u00e4lu: 8 MB<\/div>\n<div><\/div>\n<div>V\u00f5rk<\/div>\n<div>Wi-Fi: jah<\/div>\n<div>Wi-Fi standardid: 802.11b, 802.11g, Wi-Fi 4 (802.11n)<\/div>\n<div><\/div>\n<div>Pildi kvaliteet<\/div>\n<div>Toetatud pildivormingud: EXIF, JPEG<\/div>\n<div>Pildistabilisaator: jah<\/div>\n<div>Piltide eraldusv\u00f5ime: (4:3) 16 MP: 4608 x 3456, 10 MP: 3648 x 2736, 5 MP: 2592 x 1944, 3 MP: 2048 x 1536, 0,3 MP: 640 x 480, (3:2) 640 x 480, (3:2) 14 MP 20&#215;18, 20&#215;1, 6:0 1920&#215;1080<\/div>\n<div>Maksimaalne pildi eraldusv\u00f5ime: 4608 x 3456 pikslit<\/div>\n<div>Anduri t\u00fc\u00fcp: BSI CMOS<\/div>\n<div>Pildianduri suurus: 1\/2,3&#8243;<\/div>\n<div>Megapikslid (umbes): 16,76 MP<\/div>\n<div><\/div>\n<div>Portid ja liidesed<\/div>\n<div>USB-pistik: Micro-USB<\/div>\n<div>USB versioon: 2.0<\/div>\n<div><\/div>\n<div>Katik<\/div>\n<div>Kaamera v\u00e4ikseim s\u00e4riaeg: 4 s<\/div>\n<div>Kaamera kiireim s\u00e4riaeg: 1\/2000 s<\/div>\n<div><\/div>\n<div>Video<\/div>\n<div>Toetatud videovormingud: H.264, MOV<\/div>\n<div>Video eraldusv\u00f5ime: 640 x 480 1280 x 720 1920 x 1080<\/div>\n<div>HD t\u00fc\u00fcp: Full HD<\/div>\n<div>Maksimaalne video eraldusv\u00f5ime: 1920 x 1080 pikslit<\/div>\n<div>Videosalvestus: jah<\/div>\n<div><\/div>\n<div>Kaal ja m\u00f5\u00f5dud<\/div>\n<div>Kaal: 176 g<\/div>\n<div>K\u00f5rgus: 66,7 mm<\/div>\n<div>S\u00fcgavus: 52,4 mm<\/div>\n<div>Laius: 103,2 mm<\/div>\n","protected":false},"excerpt":{"rendered":"<p>Vee- ja tolmukindel digifotoaparaat, kollane<\/p>\n","protected":false},"featured_media":632,"template":"","meta":[],"product_cat":[24],"product_tag":[],"class_list":["post-631","product","type-product","status-publish","has-post-thumbnail","hentry","product_cat-kaamerad"],"_links":{"self":[{"href":"https:\/\/pood.vorufoto.ee\/en\/wp-json\/wp\/v2\/product\/631","targetHints":{"allow":["GET"]}}],"collection":[{"href":"https:\/\/pood.vorufoto.ee\/en\/wp-json\/wp\/v2\/product"}],"about":[{"href":"https:\/\/pood.vorufoto.ee\/en\/wp-json\/wp\/v2\/types\/product"}],"wp:featuredmedia":[{"embeddable":true,"href":"https:\/\/pood.vorufoto.ee\/en\/wp-json\/wp\/v2\/media\/632"}],"wp:attachment":[{"href":"https:\/\/pood.vorufoto.ee\/en\/wp-json\/wp\/v2\/media?parent=631"}],"wp:term":[{"taxonomy":"product_cat","embeddable":true,"href":"https:\/\/pood.vorufoto.ee\/en\/wp-json\/wp\/v2\/product_cat?post=631"},{"taxonomy":"product_tag","embeddable":true,"href":"https:\/\/pood.vorufoto.ee\/en\/wp-json\/wp\/v2\/product_tag?post=631"}],"curies":[{"name":"wp","href":"https:\/\/api.w.org\/{rel}","templated":true}]}}