{"id":621,"date":"2024-02-02T10:24:03","date_gmt":"2024-02-02T10:24:03","guid":{"rendered":"https:\/\/pood.vorufoto.ee\/?post_type=product&#038;p=621"},"modified":"2026-02-06T06:41:49","modified_gmt":"2026-02-06T06:41:49","slug":"kompaktkaamera-canon-ixus-285hs","status":"publish","type":"product","link":"https:\/\/pood.vorufoto.ee\/en\/shop\/kaamerad\/kompaktkaamera-canon-ixus-285hs\/","title":{"rendered":"Digifotoaparaat Canon Ixus 285HS A"},"content":{"rendered":"<div class=\"comparing-row attribute-row\" data-rel=\"305\">\n<div class=\"attribute-name\">Efektiivseid megapiksleid<\/div>\n<div class=\"attribute-value\">20,2<\/div>\n<\/div>\n<div class=\"comparing-row attribute-row\" data-rel=\"1797\">\n<div class=\"attribute-name\">Megapiksleid<\/div>\n<div class=\"attribute-value\">20 megapikslit<\/div>\n<\/div>\n<div class=\"comparing-row attribute-row\" data-rel=\"1798\">\n<div class=\"attribute-name\">Sensori suurus<\/div>\n<div class=\"attribute-value\">1\/2,3\u2033 t\u00fc\u00fcpi<\/div>\n<\/div>\n<div class=\"comparing-row attribute-row\" data-rel=\"1047\">\n<div class=\"attribute-name\">Sensori t\u00fc\u00fcp<\/div>\n<div class=\"attribute-value\">BSI-CMOS<\/div>\n<\/div>\n<div class=\"comparing-row attribute-row\" data-rel=\"1287\">\n<div class=\"attribute-name\">Sensori m\u00f5\u00f5t<\/div>\n<div class=\"attribute-value\">1\/2,3\u201d<br \/>\n6,17 \u00d7 4,55 mm<\/div>\n<\/div>\n<div class=\"comparing-row attribute-row\" data-rel=\"492\">\n<div class=\"attribute-name\">T\u00e4iskaader<\/div>\n<div class=\"attribute-value\">Ei<\/div>\n<\/div>\n<div class=\"comparing-row attribute-row\" data-rel=\"306\">\n<div class=\"attribute-name\">L\u00f5ikefaktor<\/div>\n<div class=\"attribute-value\">5,6\u00d7<\/div>\n<\/div>\n<div class=\"comparing-row attribute-row\" data-rel=\"693\">\n<div class=\"attribute-name\">K\u00fclgede suhe<\/div>\n<div class=\"attribute-value\">4 : 3<br \/>\nSaab valida ka 3 : 2, 16 : 9, 1 : 1<\/div>\n<\/div>\n<div class=\"comparing-row attribute-row\" data-rel=\"1004\">\n<div class=\"attribute-name\">Suurim pildim\u00f5\u00f5t pikslites<\/div>\n<div class=\"attribute-value\">5184 \u00d7 3888<\/div>\n<\/div>\n<div class=\"comparing-row attribute-row\" data-rel=\"308\">\n<div class=\"attribute-name\">V\u00e4ikseim pildim\u00f5\u00f5t pikslites<\/div>\n<div class=\"attribute-value\">640 \u00d7 480<\/div>\n<\/div>\n<div class=\"comparing-row attribute-row\" data-rel=\"830\">\n<div class=\"attribute-name\">Pildit\u00f6\u00f6tlusprotsessor<\/div>\n<div class=\"attribute-value\">DiG!C 4+<\/div>\n<\/div>\n<div class=\"comparing-row attribute-row\" data-rel=\"1019\">\n<div class=\"attribute-name\">ISO tundlikkuse ulatus<\/div>\n<div class=\"attribute-value\">80 \u2013 3200<br \/>\n1 EV sammuga<\/div>\n<\/div>\n<div class=\"comparing-row attribute-row\" data-rel=\"832\">\n<div class=\"attribute-name\">Filtrid<\/div>\n<div class=\"attribute-value\">Primaarv\u00e4rvide filter<\/div>\n<\/div>\n<div class=\"comparing-row\">\n<div class=\"comparing-title\">\n<h2>Objektiiv<\/h2>\n<\/div>\n<\/div>\n<div class=\"comparing-row attribute-row\" data-rel=\"568\">\n<div class=\"attribute-name\">Objektiivi fokaalvahemik<\/div>\n<div class=\"attribute-value\">25 \u2013 300 mm<\/div>\n<\/div>\n<div class=\"comparing-row attribute-row\" data-rel=\"1082\">\n<div class=\"attribute-name\">Optiline suum<\/div>\n<div class=\"attribute-value\">12\u00d7<\/div>\n<\/div>\n<div class=\"comparing-row attribute-row\" data-rel=\"1008\">\n<div class=\"attribute-name\">Ava<\/div>\n<div class=\"attribute-value\">f\/3.6 \u2013 7.0<\/div>\n<\/div>\n<div class=\"comparing-row\">\n<div class=\"comparing-title\">\n<h2>Pildistabilisaator<\/h2>\n<\/div>\n<\/div>\n<div class=\"comparing-row attribute-row\" data-rel=\"142\">\n<div class=\"attribute-name\">Pildistabilisaator<\/div>\n<div class=\"attribute-value\">Jah<\/div>\n<\/div>\n<div class=\"comparing-row attribute-row\" data-rel=\"1781\">\n<div class=\"attribute-name\">Pildistabilisaatori disain<\/div>\n<div class=\"attribute-value\">Canon optiline Intelligent IS<\/div>\n<\/div>\n<div class=\"comparing-row attribute-row\" data-rel=\"1782\">\n<div class=\"attribute-name\">Stabilisaatori v\u00f5imekus<\/div>\n<div class=\"attribute-value\">2,5 stoppi<\/div>\n<\/div>\n<div class=\"comparing-row\">\n<div class=\"comparing-title\">\n<h2>Teravustamine<\/h2>\n<\/div>\n<\/div>\n<div class=\"comparing-row attribute-row\" data-rel=\"572\">\n<div class=\"attribute-name\">Teravustamissensor<\/div>\n<div class=\"attribute-value\">TTL kontrastituvastusega autofookus<\/div>\n<\/div>\n<div class=\"comparing-row attribute-row\" data-rel=\"985\">\n<div class=\"attribute-name\">Teravustamispunkte<\/div>\n<div class=\"attribute-value\">9<\/div>\n<\/div>\n<div class=\"comparing-row attribute-row\" data-rel=\"573\">\n<div class=\"attribute-name\">Teravustamisre\u017eiimid<\/div>\n<div class=\"attribute-value\">\u00dchekordne<br \/>\nPidev<br \/>\nJ\u00e4lgiv<\/div>\n<\/div>\n<div class=\"comparing-row attribute-row\" data-rel=\"930\">\n<div class=\"attribute-name\">Fookuslukk<\/div>\n<div class=\"attribute-value\">Jah<br \/>\nP\u00e4\u00e4stiku poolenisti alla vajutamisel<\/div>\n<\/div>\n<div class=\"comparing-row attribute-row\" data-rel=\"322\">\n<div class=\"attribute-name\">Teravustamispunkti valik<\/div>\n<div class=\"attribute-value\">Automaatne (seotud n\u00e4otuvastusega \/ 9 punkti)<br \/>\nKeskpunkt<\/div>\n<\/div>\n<div class=\"comparing-row attribute-row\" data-rel=\"841\">\n<div class=\"attribute-name\">N\u00e4otuvastus<\/div>\n<div class=\"attribute-value\">Jah<\/div>\n<\/div>\n<div class=\"comparing-row attribute-row\" data-rel=\"85\">\n<div class=\"attribute-name\">Teravustamise abivalgus<\/div>\n<div class=\"attribute-value\">Jah<\/div>\n<\/div>\n<div class=\"comparing-row attribute-row\" data-rel=\"843\">\n<div class=\"attribute-name\">Teravustamiskaugus l\u00e4hiv\u00f5ttel<\/div>\n<div class=\"attribute-value\">1 cm (lainurk)<\/div>\n<\/div>\n<div class=\"comparing-row\">\n<div class=\"comparing-title\">\n<h2>S\u00e4rim\u00f5\u00f5tmine<\/h2>\n<\/div>\n<\/div>\n<div class=\"comparing-row attribute-row\" data-rel=\"710\">\n<div class=\"attribute-name\">S\u00e4rim\u00f5\u00f5tmine<\/div>\n<div class=\"attribute-value\">TTL s\u00e4rim\u00f5\u00f5tmine<\/div>\n<\/div>\n<div class=\"comparing-row attribute-row\" data-rel=\"845\">\n<div class=\"attribute-name\">Re\u017eiimid<\/div>\n<div class=\"attribute-value\">Multi-segment (hindav)<br \/>\nKeskmestatud<br \/>\nPunkt<\/div>\n<\/div>\n<div class=\"comparing-row attribute-row\" data-rel=\"328\">\n<div class=\"attribute-name\">S\u00e4riluku v\u00f5imalus<\/div>\n<div class=\"attribute-value\">Jah<\/div>\n<\/div>\n<div class=\"comparing-row attribute-row\" data-rel=\"714\">\n<div class=\"attribute-name\">S\u00e4rikompensatsioon<\/div>\n<div class=\"attribute-value\">\u00b12 EV<br \/>\n1\/3 EV sammuga<\/div>\n<\/div>\n<div class=\"comparing-row\">\n<div class=\"comparing-title\">\n<h2>Katik<\/h2>\n<\/div>\n<\/div>\n<div class=\"comparing-row attribute-row\" data-rel=\"511\">\n<div class=\"attribute-name\">S\u00e4riajad<\/div>\n<div class=\"attribute-value\">1\/2000 \u2013 15 sek<\/div>\n<\/div>\n<div class=\"comparing-row\">\n<div class=\"comparing-title\">\n<h2>Pildistamine<\/h2>\n<\/div>\n<\/div>\n<div class=\"comparing-row attribute-row\" data-rel=\"1020\">\n<div class=\"attribute-name\">S\u00e4rire\u017eiimid<\/div>\n<div class=\"attribute-value\">Hybrid Auto<br \/>\nCreative Shot<br \/>\nProgramm<br \/>\nStseeni valik<\/div>\n<\/div>\n<div class=\"comparing-row attribute-row\" data-rel=\"558\">\n<div class=\"attribute-name\">Stseeniprogrammid<\/div>\n<div class=\"attribute-value\">32<\/div>\n<\/div>\n<div class=\"comparing-row attribute-row\" data-rel=\"851\">\n<div class=\"attribute-name\">V\u00f5ttere\u017eiimid<\/div>\n<div class=\"attribute-value\">\u00dcks kaader<br \/>\nSariv\u00f5te<br \/>\nIseavaja 2 sek<br \/>\nIseavaja 10 sek<\/div>\n<\/div>\n<div class=\"comparing-row attribute-row\" data-rel=\"852\">\n<div class=\"attribute-name\">Digitaalsed filtrid<\/div>\n<div class=\"attribute-value\">Jah<\/div>\n<\/div>\n<div class=\"comparing-row attribute-row\" data-rel=\"1099\">\n<div class=\"attribute-name\">Foto sariv\u00f5te<\/div>\n<div class=\"attribute-value\">2,5 kaadrit\/sek<br \/>\nKuni m\u00e4lukaardi t\u00e4itumiseni<\/div>\n<\/div>\n<div class=\"comparing-row\">\n<div class=\"comparing-title\">\n<h2>V\u00e4rvustasakaal<\/h2>\n<\/div>\n<\/div>\n<div class=\"comparing-row attribute-row\" data-rel=\"339\">\n<div class=\"attribute-name\">V\u00e4rvustasakaalu valikud<\/div>\n<div class=\"attribute-value\">Auto<br \/>\nP\u00e4ike<br \/>\nPilves<br \/>\nH\u00f5\u00f5glamp<br \/>\nP\u00e4evavalguslamp (2)<br \/>\nKasutaja seadistatud<\/div>\n<\/div>\n<div class=\"comparing-row\">\n<div class=\"comparing-title\">\n<h2>Videosalvestus<\/h2>\n<\/div>\n<\/div>\n<div class=\"comparing-row attribute-row\" data-rel=\"1799\">\n<div class=\"attribute-name\">Videosalvestus<\/div>\n<div class=\"attribute-value\">Full HD 1920 \u00d7 1080<\/div>\n<\/div>\n<div class=\"comparing-row attribute-row\" data-rel=\"726\">\n<div class=\"attribute-name\">Video lahutusv\u00f5ime<\/div>\n<div class=\"attribute-value\">[FullHD] 1920 \u00d7 1080 30p<\/div>\n<\/div>\n<div class=\"comparing-row attribute-row\" data-rel=\"856\">\n<div class=\"attribute-name\">Muud m\u00f5\u00f5dud<\/div>\n<div class=\"attribute-value\">[HD] 1280 \u00d7 720 30p<br \/>\n[VGA] 640 \u00d7 480 30p<\/div>\n<\/div>\n<div class=\"comparing-row attribute-row\" data-rel=\"518\">\n<div class=\"attribute-name\">Salvestuse kestvus<\/div>\n<div class=\"attribute-value\">29 minutit 59 sekundit<br \/>\nKuni 4GB fail<\/div>\n<\/div>\n<div class=\"comparing-row attribute-row\" data-rel=\"858\">\n<div class=\"attribute-name\">Mikrofon<\/div>\n<div class=\"attribute-value\">Integreeritud monomikrofon<\/div>\n<\/div>\n<div class=\"comparing-row\">\n<div class=\"comparing-title\">\n<h2>Failit\u00fc\u00fcbid<\/h2>\n<\/div>\n<\/div>\n<div class=\"comparing-row attribute-row\" data-rel=\"859\">\n<div class=\"attribute-name\">JPEG<\/div>\n<div class=\"attribute-value\">EXIF 2.3<br \/>\nDCF<br \/>\nDPOF<\/div>\n<\/div>\n<div class=\"comparing-row attribute-row\" data-rel=\"1027\">\n<div class=\"attribute-name\">Video salvestusvorming<\/div>\n<div class=\"attribute-value\">MP4 (Video: H.264\/MPEG-4 AVC; Audio: AAC-LC mono)<\/div>\n<\/div>\n<div class=\"comparing-row\">\n<div class=\"comparing-title\">\n<h2>Pildiotsija<\/h2>\n<\/div>\n<\/div>\n<div class=\"comparing-row attribute-row\" data-rel=\"1093\">\n<div class=\"attribute-name\">Pildiotsija<\/div>\n<div class=\"attribute-value\">Puudub<\/div>\n<\/div>\n<div class=\"comparing-row\">\n<div class=\"comparing-title\">\n<h2>LCD monitor<\/h2>\n<\/div>\n<\/div>\n<div class=\"comparing-row attribute-row\" data-rel=\"1053\">\n<div class=\"attribute-name\">Ekraani t\u00fc\u00fcp<\/div>\n<div class=\"attribute-value\">TFT LCD<\/div>\n<\/div>\n<div class=\"comparing-row attribute-row\" data-rel=\"633\">\n<div class=\"attribute-name\">Ekraani m\u00f5\u00f5t (tolle)<\/div>\n<div class=\"attribute-value\">3,0<\/div>\n<\/div>\n<div class=\"comparing-row attribute-row\" data-rel=\"736\">\n<div class=\"attribute-name\">Pildipunkte<\/div>\n<div class=\"attribute-value\">461 000<\/div>\n<\/div>\n<div class=\"comparing-row attribute-row\" data-rel=\"1472\">\n<div class=\"attribute-name\">Ekraani asend<\/div>\n<div class=\"attribute-value\">Fikseeritud<\/div>\n<\/div>\n<div class=\"comparing-row attribute-row\" data-rel=\"1069\">\n<div class=\"attribute-name\">Puutetundlik<\/div>\n<div class=\"attribute-value\">Ei<\/div>\n<\/div>\n<div class=\"comparing-row attribute-row\" data-rel=\"359\">\n<div class=\"attribute-name\">Kaadri katvus<\/div>\n<div class=\"attribute-value\">100%<\/div>\n<\/div>\n<div class=\"comparing-row attribute-row\" data-rel=\"361\">\n<div class=\"attribute-name\">Seadistamine<\/div>\n<div class=\"attribute-value\">Eredus (5 astet)<\/div>\n<\/div>\n<div class=\"comparing-row attribute-row\" data-rel=\"362\">\n<div class=\"attribute-name\">Live View otsevaade<\/div>\n<div class=\"attribute-value\">Jah<\/div>\n<\/div>\n<div class=\"comparing-row\">\n<div class=\"comparing-title\">\n<h2>M\u00e4lu<\/h2>\n<\/div>\n<\/div>\n<div class=\"comparing-row attribute-row\" data-rel=\"363\">\n<div class=\"attribute-name\">M\u00e4lukaardi pesade arv<\/div>\n<div class=\"attribute-value\">1<\/div>\n<\/div>\n<div class=\"comparing-row attribute-row\" data-rel=\"743\">\n<div class=\"attribute-name\">M\u00e4lukaardi t\u00fc\u00fcp<\/div>\n<div class=\"attribute-value\">SD<br \/>\nSDHC<br \/>\nSDXC<\/div>\n<\/div>\n<div class=\"comparing-row attribute-row\" data-rel=\"1077\">\n<div class=\"attribute-name\">Muu<\/div>\n<div class=\"attribute-value\">Eye-Fi \u00fchilduv<\/div>\n<\/div>\n<div class=\"comparing-row\">\n<div class=\"comparing-title\">\n<h2>V\u00e4lklamp<\/h2>\n<\/div>\n<\/div>\n<div class=\"comparing-row attribute-row\" data-rel=\"744\">\n<div class=\"attribute-name\">V\u00e4lklambi t\u00fc\u00fcp<\/div>\n<div class=\"attribute-value\">Integreeritud TTL v\u00e4lklamp<\/div>\n<\/div>\n<div class=\"comparing-row attribute-row\" data-rel=\"601\">\n<div class=\"attribute-name\">T\u00f6\u00f6kaugus<\/div>\n<div class=\"attribute-value\">0,5 \u2013 4,0 m (lainurk)<br \/>\n1,0 \u2013 2,0 m (tele)<\/div>\n<\/div>\n<div class=\"comparing-row attribute-row\" data-rel=\"1033\">\n<div class=\"attribute-name\">V\u00e4lgure\u017eiimid<\/div>\n<div class=\"attribute-value\">Auto<br \/>\nSundv\u00e4lk<br \/>\nV\u00e4lgukeeld<br \/>\nS\u00fcnkroniseerimine pika s\u00e4riajaga<br \/>\nPunasilmsuse v\u00e4hendamine<\/div>\n<\/div>\n<div class=\"comparing-row attribute-row\" data-rel=\"538\">\n<div class=\"attribute-name\">Sobivad v\u00e4lised v\u00e4lklambid<\/div>\n<div class=\"attribute-value\">Canon HF-DC2<\/div>\n<\/div>\n<div class=\"comparing-row attribute-row\" data-rel=\"371\">\n<div class=\"attribute-name\">V\u00e4lgupesa<\/div>\n<div class=\"attribute-value\">Ei<\/div>\n<\/div>\n<div class=\"comparing-row\">\n<div class=\"comparing-title\">\n<h2>\u00dchendused<\/h2>\n<\/div>\n<\/div>\n<div class=\"comparing-row attribute-row\" data-rel=\"805\">\n<div class=\"attribute-name\">USB<\/div>\n<div class=\"attribute-value\">miniUSB 2.0<\/div>\n<\/div>\n<div class=\"comparing-row attribute-row\" data-rel=\"753\">\n<div class=\"attribute-name\">Video<\/div>\n<div class=\"attribute-value\">AV v\u00e4ljund (NTSC\/PAL)<br \/>\nmicroHDMI (Type D)<\/div>\n<\/div>\n<div class=\"comparing-row attribute-row\" data-rel=\"377\">\n<div class=\"attribute-name\">Kaugjuhtimine<\/div>\n<div class=\"attribute-value\">L\u00e4bi \u00fchendatud nutitelefoni<\/div>\n<\/div>\n<div class=\"comparing-row attribute-row\" data-rel=\"1257\">\n<div class=\"attribute-name\">Juhtmevaba v\u00f5rk<\/div>\n<div class=\"attribute-value\">WiFi IEEE 802.11 b\/g\/n<\/div>\n<\/div>\n<div class=\"comparing-row attribute-row\" data-rel=\"917\">\n<div class=\"attribute-name\">NFC<\/div>\n<div class=\"attribute-value\">Jah<\/div>\n<\/div>\n<div class=\"comparing-row attribute-row\" data-rel=\"1810\">\n<div class=\"attribute-name\">\u00dchendused<\/div>\n<div class=\"attribute-value\">WiFi<br \/>\nNFC<\/div>\n<\/div>\n<div class=\"comparing-row\">\n<div class=\"comparing-title\">\n<h2>Muu<\/h2>\n<\/div>\n<\/div>\n<div class=\"comparing-row attribute-row\" data-rel=\"1097\">\n<div class=\"attribute-name\">GPS<\/div>\n<div class=\"attribute-value\">L\u00e4bi \u00fchendatud nutitelefoni<\/div>\n<\/div>\n<div class=\"comparing-row attribute-row\" data-rel=\"379\">\n<div class=\"attribute-name\">Elektrooniline lood<\/div>\n<div class=\"attribute-value\">Ei<\/div>\n<\/div>\n<div class=\"comparing-row attribute-row\" data-rel=\"945\">\n<div class=\"attribute-name\">Panoraamv\u00f5te<\/div>\n<div class=\"attribute-value\">Jah<\/div>\n<\/div>\n<div class=\"comparing-row attribute-row\" data-rel=\"381\">\n<div class=\"attribute-name\">HDR v\u00f5te<\/div>\n<div class=\"attribute-value\">Ei<\/div>\n<\/div>\n<div class=\"comparing-row attribute-row\" data-rel=\"758\">\n<div class=\"attribute-name\">Intervallv\u00f5te<\/div>\n<div class=\"attribute-value\">Ei<\/div>\n<\/div>\n<div class=\"comparing-row\">\n<div class=\"comparing-title\">\n<h2>Vooluallikas<\/h2>\n<\/div>\n<\/div>\n<div class=\"comparing-row attribute-row\" data-rel=\"1036\">\n<div class=\"attribute-name\">Element<\/div>\n<div class=\"attribute-value\">NB-11LH liitiumaku<\/div>\n<\/div>\n<div class=\"comparing-row attribute-row\" data-rel=\"1236\">\n<div class=\"attribute-name\">Aku vastupidavus<\/div>\n<div class=\"attribute-value\">180 kaadrit (CIPA)<\/div>\n<\/div>\n<div class=\"comparing-row attribute-row\" data-rel=\"385\">\n<div class=\"attribute-name\">V\u00e4line toide<\/div>\n<div class=\"attribute-value\">ACK-DC90<\/div>\n<\/div>\n<div class=\"comparing-row\">\n<div class=\"comparing-title\">\n<h2>Kere<\/h2>\n<\/div>\n<\/div>\n<div class=\"comparing-row attribute-row\" data-rel=\"547\">\n<div class=\"attribute-name\">Konstruktsioon<\/div>\n<div class=\"attribute-value\">Metallkorpus<\/div>\n<\/div>\n<div class=\"comparing-row attribute-row\" data-rel=\"53\">\n<div class=\"attribute-name\">V\u00e4rvus<\/div>\n<div class=\"attribute-value\">Must<\/div>\n<\/div>\n<div class=\"comparing-row attribute-row\" data-rel=\"1313\">\n<div class=\"attribute-name\">K\u00f5rgus (mm)<\/div>\n<div class=\"attribute-value\">58<\/div>\n<\/div>\n<div class=\"comparing-row attribute-row\" data-rel=\"1312\">\n<div class=\"attribute-name\">Laius (mm)<\/div>\n<div class=\"attribute-value\">99,6<\/div>\n<\/div>\n<div class=\"comparing-row attribute-row\" data-rel=\"1314\">\n<div class=\"attribute-name\">S\u00fcgavus (mm)<\/div>\n<div class=\"attribute-value\">22,8<\/div>\n<\/div>\n<div class=\"comparing-row attribute-row\" data-rel=\"888\">\n<div class=\"attribute-name\">Kaal (koos aku ja m\u00e4lukaardiga)<\/div>\n<div class=\"attribute-value\">147 g<\/div>\n<\/div>\n<div class=\"comparing-row attribute-row\" data-rel=\"1350\">\n<div class=\"attribute-name\">Kaamera mudel<\/div>\n<div class=\"attribute-value\">Canon Digital Ixus 285 HS<\/div>\n<\/div>\n<div class=\"comparing-row attribute-row\" data-rel=\"690\">\n<div class=\"attribute-name\">Komplekti sisu<\/div>\n<div class=\"attribute-value\">Liitiumaku NB-11L<br \/>\nAkulaadija CB-2LFE<br \/>\nRandmerihm WS-800<br \/>\nKasutusjuhend<\/div>\n<\/div>\n<div class=\"comparing-row\">\n<div class=\"comparing-title\">\n<h2>M\u00f5\u00f5tmed ja kaalud<\/h2>\n<\/div>\n<\/div>\n<div class=\"comparing-row attribute-row\" data-rel=\"99999901\">\n<div class=\"attribute-name\">Brutokaal<\/div>\n<div class=\"attribute-value\">0.5 kg<\/div>\n<\/div>\n<div class=\"comparing-row attribute-row\" data-rel=\"99999902\">\n<div class=\"attribute-name\">Netokaal<\/div>\n<div class=\"attribute-value\">0.5 kg<\/div>\n<\/div>\n<div class=\"comparing-row attribute-row\" data-rel=\"99999903\">\n<div class=\"attribute-name\">Pakendi laius<\/div>\n<div class=\"attribute-value\">15.8 cm<\/div>\n<\/div>\n<div class=\"comparing-row attribute-row\" data-rel=\"99999904\">\n<div class=\"attribute-name\">Pakendi k\u00f5rgus<\/div>\n<div class=\"attribute-value\">6 cm<\/div>\n<\/div>\n<div class=\"comparing-row attribute-row\" data-rel=\"99999905\">\n<div class=\"attribute-name\">Pakendi pikkus<\/div>\n<div class=\"attribute-value\">13.8 cm<\/div>\n<\/div>\n<div class=\"comparing-row attribute-row\" data-rel=\"99999906\">\n<div class=\"attribute-name\">P\u00e4ritolumaa<\/div>\n<div class=\"attribute-value\">Hiina<\/div>\n<\/div>\n","protected":false},"excerpt":{"rendered":"<p>Efektiivseid megapiksleid 20,2 Megapiksleid 20 megapikslit Sensori suurus 1\/2,3\u2033 t\u00fc\u00fcpi Sensori t\u00fc\u00fcp BSI-CMOS Sensori m\u00f5\u00f5t 1\/2,3\u201d 6,17 \u00d7 4,55 mm T\u00e4iskaader Ei L\u00f5ikefaktor 5,6\u00d7 K\u00fclgede suhe 4 : 3 Saab valida ka 3 : 2, 16 : 9, 1 : 1 Suurim pildim\u00f5\u00f5t pikslites 5184 \u00d7 3888 V\u00e4ikseim pildim\u00f5\u00f5t pikslites 640 \u00d7 480 Pildit\u00f6\u00f6tlusprotsessor DiG!C<\/p>\n<div class=\"more-link\">\n\t\t\t\t <a href=\"https:\/\/pood.vorufoto.ee\/en\/shop\/kaamerad\/kompaktkaamera-canon-ixus-285hs\/\" class=\"btn theme-btn\"><span>Continue Reading <\/span><i class=\"icofont-thin-double-right\"><\/i><\/a>\n\t\t\t<\/div>\n","protected":false},"featured_media":622,"template":"","meta":[],"product_cat":[24],"product_tag":[],"class_list":["post-621","product","type-product","status-publish","has-post-thumbnail","hentry","product_cat-kaamerad"],"_links":{"self":[{"href":"https:\/\/pood.vorufoto.ee\/en\/wp-json\/wp\/v2\/product\/621","targetHints":{"allow":["GET"]}}],"collection":[{"href":"https:\/\/pood.vorufoto.ee\/en\/wp-json\/wp\/v2\/product"}],"about":[{"href":"https:\/\/pood.vorufoto.ee\/en\/wp-json\/wp\/v2\/types\/product"}],"wp:featuredmedia":[{"embeddable":true,"href":"https:\/\/pood.vorufoto.ee\/en\/wp-json\/wp\/v2\/media\/622"}],"wp:attachment":[{"href":"https:\/\/pood.vorufoto.ee\/en\/wp-json\/wp\/v2\/media?parent=621"}],"wp:term":[{"taxonomy":"product_cat","embeddable":true,"href":"https:\/\/pood.vorufoto.ee\/en\/wp-json\/wp\/v2\/product_cat?post=621"},{"taxonomy":"product_tag","embeddable":true,"href":"https:\/\/pood.vorufoto.ee\/en\/wp-json\/wp\/v2\/product_tag?post=621"}],"curies":[{"name":"wp","href":"https:\/\/api.w.org\/{rel}","templated":true}]}}