{"id":490,"date":"2024-01-24T09:19:42","date_gmt":"2024-01-24T09:19:42","guid":{"rendered":"https:\/\/pood.vorufoto.ee\/?post_type=product&#038;p=490"},"modified":"2024-01-24T09:22:05","modified_gmt":"2024-01-24T09:22:05","slug":"kodak-film-pro-image-100-135-36x5","status":"publish","type":"product","link":"https:\/\/pood.vorufoto.ee\/en\/shop\/salvestusmeedia\/filmid\/kodak-film-pro-image-100-135-36x5\/","title":{"rendered":"Kodak film Pro Image 100 135\/36&#215;5"},"content":{"rendered":"<ul>\n<li>Ideaalne nii portreede kui pulmade ja teiste \u00fcrituste pildistamiseks<\/li>\n<li>Naturaalsed toonid, suurep\u00e4rane v\u00e4rvitundlikkus- ja\u00a0-k\u00fcllus<\/li>\n<\/ul>\n<p>Kodak Pro Image 100 135-36 sobib h\u00e4sti nii professionaalide kui entusiastide kaameratesse. See on kvaliteetne, meister-igas-olukorras v\u00e4rvifilm, mis t\u00e4nu oma naturaalsetele toonidele ja detailsusele loob v\u00f5rratuid portree- ja pulmapilte.<\/p>\n","protected":false},"excerpt":{"rendered":"<p>-V\u00e4rviline negatiivfilm<\/p>\n<p>-35 mm filmirull<\/p>\n<p>-ISO 100 madala tundlikkusega<\/p>\n<p>-36 kaadrit, 5 rulli karbis<\/p>\n<p>-Standardne C41 v\u00e4rviilmutus<\/p>\n<p>-\u00dche rulli hind 15.-<\/p>\n","protected":false},"featured_media":491,"template":"","meta":[],"product_cat":[49,23],"product_tag":[],"class_list":["post-490","product","type-product","status-publish","has-post-thumbnail","hentry","product_cat-filmid","product_cat-salvestusmeedia"],"_links":{"self":[{"href":"https:\/\/pood.vorufoto.ee\/en\/wp-json\/wp\/v2\/product\/490","targetHints":{"allow":["GET"]}}],"collection":[{"href":"https:\/\/pood.vorufoto.ee\/en\/wp-json\/wp\/v2\/product"}],"about":[{"href":"https:\/\/pood.vorufoto.ee\/en\/wp-json\/wp\/v2\/types\/product"}],"wp:featuredmedia":[{"embeddable":true,"href":"https:\/\/pood.vorufoto.ee\/en\/wp-json\/wp\/v2\/media\/491"}],"wp:attachment":[{"href":"https:\/\/pood.vorufoto.ee\/en\/wp-json\/wp\/v2\/media?parent=490"}],"wp:term":[{"taxonomy":"product_cat","embeddable":true,"href":"https:\/\/pood.vorufoto.ee\/en\/wp-json\/wp\/v2\/product_cat?post=490"},{"taxonomy":"product_tag","embeddable":true,"href":"https:\/\/pood.vorufoto.ee\/en\/wp-json\/wp\/v2\/product_tag?post=490"}],"curies":[{"name":"wp","href":"https:\/\/api.w.org\/{rel}","templated":true}]}}