{"id":449,"date":"2022-02-11T14:32:06","date_gmt":"2022-02-11T14:32:06","guid":{"rendered":"https:\/\/pood.vorufoto.ee\/?post_type=product&#038;p=449"},"modified":"2024-09-27T10:24:09","modified_gmt":"2024-09-27T10:24:09","slug":"tassid","status":"publish","type":"product","link":"https:\/\/pood.vorufoto.ee\/en\/shop\/fotomeened-oma-pildiga\/tassid\/","title":{"rendered":"V\u00e4rvimuutvad tassid"},"content":{"rendered":"<p>V\u00e4rvimuutvad ehk termotassid. Kuuma joogi m\u00f5jul muutub tass valgeks (kuuma joogi randini) ning foto\u00a0 tuleb n\u00e4htavaks. On fuksiaroosat, punast, sinist, musta termotassi. Sublimatsiooni tehnikaga peale kantud pilt on veekindel, pestes maha ei tule. Ei tohi pesta n\u00f5udepesumasinas. Tassile saab kanda pildi m\u00f5\u00f5dus kuni 8 x 18 cm. Tassi m\u00f5\u00f5t: k\u00f5rgus 9,5 ja l\u00e4bim\u00f5\u00f5t 8,3 cm.<\/p>\n<p>T\u00e4psema info ja hinna saamiseks v\u00f5tke meiega telefoni v\u00f5i e-maili teel \u00fchendust<\/p>\n","protected":false},"excerpt":{"rendered":"<p>V\u00e4rvimuutvad ehk termotassid. Kuuma joogi m\u00f5jul muutub tass valgeks (kuuma joogi randini) ning foto\u00a0 tuleb n\u00e4htavaks. On fuksiaroosat, punast, sinist, musta termotassi. Sublimatsiooni tehnikaga peale kantud pilt on veekindel, pestes maha ei tule. Ei tohi pesta n\u00f5udepesumasinas. Tassile saab kanda pildi m\u00f5\u00f5dus kuni 8 x 18 cm. Tassi m\u00f5\u00f5t: k\u00f5rgus 9,5 ja l\u00e4bim\u00f5\u00f5t 8,3 cm.<\/p>\n<div class=\"more-link\">\n\t\t\t\t <a href=\"https:\/\/pood.vorufoto.ee\/en\/shop\/fotomeened-oma-pildiga\/tassid\/\" class=\"btn theme-btn\"><span>Continue Reading <\/span><i class=\"icofont-thin-double-right\"><\/i><\/a>\n\t\t\t<\/div>\n","protected":false},"featured_media":981,"template":"","meta":[],"product_cat":[30],"product_tag":[],"class_list":["post-449","product","type-product","status-publish","has-post-thumbnail","hentry","product_cat-fotomeened-oma-pildiga"],"_links":{"self":[{"href":"https:\/\/pood.vorufoto.ee\/en\/wp-json\/wp\/v2\/product\/449","targetHints":{"allow":["GET"]}}],"collection":[{"href":"https:\/\/pood.vorufoto.ee\/en\/wp-json\/wp\/v2\/product"}],"about":[{"href":"https:\/\/pood.vorufoto.ee\/en\/wp-json\/wp\/v2\/types\/product"}],"wp:featuredmedia":[{"embeddable":true,"href":"https:\/\/pood.vorufoto.ee\/en\/wp-json\/wp\/v2\/media\/981"}],"wp:attachment":[{"href":"https:\/\/pood.vorufoto.ee\/en\/wp-json\/wp\/v2\/media?parent=449"}],"wp:term":[{"taxonomy":"product_cat","embeddable":true,"href":"https:\/\/pood.vorufoto.ee\/en\/wp-json\/wp\/v2\/product_cat?post=449"},{"taxonomy":"product_tag","embeddable":true,"href":"https:\/\/pood.vorufoto.ee\/en\/wp-json\/wp\/v2\/product_tag?post=449"}],"curies":[{"name":"wp","href":"https:\/\/api.w.org\/{rel}","templated":true}]}}