{"id":309,"date":"2021-08-23T07:09:01","date_gmt":"2021-08-23T07:09:01","guid":{"rendered":"https:\/\/vorufoto.anyweb.ee\/?post_type=product&#038;p=309"},"modified":"2025-03-14T06:01:42","modified_gmt":"2025-03-14T06:01:42","slug":"malukaart","status":"publish","type":"product","link":"https:\/\/pood.vorufoto.ee\/en\/shop\/salvestusmeedia\/malukaardid\/malukaart\/","title":{"rendered":"M\u00e4lukaart SD 64 GB"},"content":{"rendered":"","protected":false},"excerpt":{"rendered":"<p>-SDXC t\u00fc\u00fcpi m\u00e4lukaart<\/p>\n<p>-64 GB mahutavus<\/p>\n<p>&#8211; 50 MB\/S lugemiskiirus<\/p>\n<p>-15 MB\/S kirjutamiskiirus<\/p>\n<p>-kvaliteetsed fotod &amp; FullHD videod<\/p>\n","protected":false},"featured_media":310,"template":"","meta":[],"product_cat":[60],"product_tag":[],"class_list":["post-309","product","type-product","status-publish","has-post-thumbnail","hentry","product_cat-malukaardid"],"_links":{"self":[{"href":"https:\/\/pood.vorufoto.ee\/en\/wp-json\/wp\/v2\/product\/309","targetHints":{"allow":["GET"]}}],"collection":[{"href":"https:\/\/pood.vorufoto.ee\/en\/wp-json\/wp\/v2\/product"}],"about":[{"href":"https:\/\/pood.vorufoto.ee\/en\/wp-json\/wp\/v2\/types\/product"}],"wp:featuredmedia":[{"embeddable":true,"href":"https:\/\/pood.vorufoto.ee\/en\/wp-json\/wp\/v2\/media\/310"}],"wp:attachment":[{"href":"https:\/\/pood.vorufoto.ee\/en\/wp-json\/wp\/v2\/media?parent=309"}],"wp:term":[{"taxonomy":"product_cat","embeddable":true,"href":"https:\/\/pood.vorufoto.ee\/en\/wp-json\/wp\/v2\/product_cat?post=309"},{"taxonomy":"product_tag","embeddable":true,"href":"https:\/\/pood.vorufoto.ee\/en\/wp-json\/wp\/v2\/product_tag?post=309"}],"curies":[{"name":"wp","href":"https:\/\/api.w.org\/{rel}","templated":true}]}}