{"id":278,"date":"2021-08-20T07:34:40","date_gmt":"2021-08-20T07:34:40","guid":{"rendered":"https:\/\/vorufoto.anyweb.ee\/?post_type=product&#038;p=278"},"modified":"2026-02-06T06:51:41","modified_gmt":"2026-02-06T06:51:41","slug":"malukaart-sd-16-gb","status":"publish","type":"product","link":"https:\/\/pood.vorufoto.ee\/en\/shop\/salvestusmeedia\/malukaardid\/malukaart-sd-16-gb\/","title":{"rendered":"M\u00e4lukaart SD 16 GB"},"content":{"rendered":"","protected":false},"excerpt":{"rendered":"<p>-SDHC t\u00fc\u00fcpi m\u00e4lukaart<\/p>\n<p>-16 GB mahutavus<\/p>\n<p>-50 MB\/S\u00a0 lugemiskiirus<\/p>\n<p>-15 MB\/S\u00a0 kirjutamiskiirus<\/p>\n<p>-kvaliteetsed fotod &amp; FullHD videod<\/p>\n","protected":false},"featured_media":279,"template":"","meta":[],"product_cat":[60],"product_tag":[],"class_list":["post-278","product","type-product","status-publish","has-post-thumbnail","hentry","product_cat-malukaardid"],"_links":{"self":[{"href":"https:\/\/pood.vorufoto.ee\/en\/wp-json\/wp\/v2\/product\/278","targetHints":{"allow":["GET"]}}],"collection":[{"href":"https:\/\/pood.vorufoto.ee\/en\/wp-json\/wp\/v2\/product"}],"about":[{"href":"https:\/\/pood.vorufoto.ee\/en\/wp-json\/wp\/v2\/types\/product"}],"wp:featuredmedia":[{"embeddable":true,"href":"https:\/\/pood.vorufoto.ee\/en\/wp-json\/wp\/v2\/media\/279"}],"wp:attachment":[{"href":"https:\/\/pood.vorufoto.ee\/en\/wp-json\/wp\/v2\/media?parent=278"}],"wp:term":[{"taxonomy":"product_cat","embeddable":true,"href":"https:\/\/pood.vorufoto.ee\/en\/wp-json\/wp\/v2\/product_cat?post=278"},{"taxonomy":"product_tag","embeddable":true,"href":"https:\/\/pood.vorufoto.ee\/en\/wp-json\/wp\/v2\/product_tag?post=278"}],"curies":[{"name":"wp","href":"https:\/\/api.w.org\/{rel}","templated":true}]}}