{"id":1197,"date":"2026-02-16T07:26:31","date_gmt":"2026-02-16T07:26:31","guid":{"rendered":"https:\/\/pood.vorufoto.ee\/?post_type=product&#038;p=1197"},"modified":"2026-02-16T07:26:31","modified_gmt":"2026-02-16T07:26:31","slug":"statiiv-monopod-ngtm1","status":"publish","type":"product","link":"https:\/\/pood.vorufoto.ee\/en\/shop\/statiivid-ja-tarvikud\/statiiv-monopod-ngtm1\/","title":{"rendered":"Statiiv monopod NGTM1"},"content":{"rendered":"","protected":false},"excerpt":{"rendered":"<p>Max t\u00f6\u00f6k\u00f5rgus 156 cm<\/p>\n<p>Pikkus kokkupakituna\u00a0 50 cm<\/p>\n<p>Kaal\u00a0 0,39 kg<\/p>\n<p>Kandev\u00f5ime\u00a0 1 kg<\/p>\n<p>Kiirkinnitusplaat<\/p>\n<p>P\u00f6\u00f6rdpea<\/p>\n","protected":false},"featured_media":1198,"template":"","meta":[],"product_cat":[26],"product_tag":[],"class_list":["post-1197","product","type-product","status-publish","has-post-thumbnail","hentry","product_cat-statiivid-ja-tarvikud"],"_links":{"self":[{"href":"https:\/\/pood.vorufoto.ee\/en\/wp-json\/wp\/v2\/product\/1197","targetHints":{"allow":["GET"]}}],"collection":[{"href":"https:\/\/pood.vorufoto.ee\/en\/wp-json\/wp\/v2\/product"}],"about":[{"href":"https:\/\/pood.vorufoto.ee\/en\/wp-json\/wp\/v2\/types\/product"}],"wp:featuredmedia":[{"embeddable":true,"href":"https:\/\/pood.vorufoto.ee\/en\/wp-json\/wp\/v2\/media\/1198"}],"wp:attachment":[{"href":"https:\/\/pood.vorufoto.ee\/en\/wp-json\/wp\/v2\/media?parent=1197"}],"wp:term":[{"taxonomy":"product_cat","embeddable":true,"href":"https:\/\/pood.vorufoto.ee\/en\/wp-json\/wp\/v2\/product_cat?post=1197"},{"taxonomy":"product_tag","embeddable":true,"href":"https:\/\/pood.vorufoto.ee\/en\/wp-json\/wp\/v2\/product_tag?post=1197"}],"curies":[{"name":"wp","href":"https:\/\/api.w.org\/{rel}","templated":true}]}}