{"id":1194,"date":"2026-02-16T06:58:00","date_gmt":"2026-02-16T06:58:00","guid":{"rendered":"https:\/\/pood.vorufoto.ee\/?post_type=product&#038;p=1194"},"modified":"2026-02-16T06:58:07","modified_gmt":"2026-02-16T06:58:07","slug":"statiiv-unomat-th-513","status":"publish","type":"product","link":"https:\/\/pood.vorufoto.ee\/en\/shop\/statiivid-ja-tarvikud\/statiiv-unomat-th-513\/","title":{"rendered":"Statiiv UNOMAT TH-513"},"content":{"rendered":"","protected":false},"excerpt":{"rendered":"<p>Max t\u00f6\u00f6k\u00f5rgus 160 cm<\/p>\n<p>Kokkupakituna 75 cm<\/p>\n<p>Kandev\u00f5ime 7 kg<\/p>\n<p>P\u00f6\u00f6rdpea<\/p>\n","protected":false},"featured_media":1195,"template":"","meta":[],"product_cat":[26],"product_tag":[],"class_list":["post-1194","product","type-product","status-publish","has-post-thumbnail","hentry","product_cat-statiivid-ja-tarvikud"],"_links":{"self":[{"href":"https:\/\/pood.vorufoto.ee\/en\/wp-json\/wp\/v2\/product\/1194","targetHints":{"allow":["GET"]}}],"collection":[{"href":"https:\/\/pood.vorufoto.ee\/en\/wp-json\/wp\/v2\/product"}],"about":[{"href":"https:\/\/pood.vorufoto.ee\/en\/wp-json\/wp\/v2\/types\/product"}],"wp:featuredmedia":[{"embeddable":true,"href":"https:\/\/pood.vorufoto.ee\/en\/wp-json\/wp\/v2\/media\/1195"}],"wp:attachment":[{"href":"https:\/\/pood.vorufoto.ee\/en\/wp-json\/wp\/v2\/media?parent=1194"}],"wp:term":[{"taxonomy":"product_cat","embeddable":true,"href":"https:\/\/pood.vorufoto.ee\/en\/wp-json\/wp\/v2\/product_cat?post=1194"},{"taxonomy":"product_tag","embeddable":true,"href":"https:\/\/pood.vorufoto.ee\/en\/wp-json\/wp\/v2\/product_tag?post=1194"}],"curies":[{"name":"wp","href":"https:\/\/api.w.org\/{rel}","templated":true}]}}