{"id":1191,"date":"2026-02-16T06:47:19","date_gmt":"2026-02-16T06:47:19","guid":{"rendered":"https:\/\/pood.vorufoto.ee\/?post_type=product&#038;p=1191"},"modified":"2026-02-16T06:47:24","modified_gmt":"2026-02-16T06:47:24","slug":"statiiv-velbon-ex-630","status":"publish","type":"product","link":"https:\/\/pood.vorufoto.ee\/en\/shop\/statiivid-ja-tarvikud\/statiiv-velbon-ex-630\/","title":{"rendered":"Statiiv VELBON EX-630"},"content":{"rendered":"","protected":false},"excerpt":{"rendered":"<p>Max t\u00f6\u00f6k\u00f5rgus 168 cm<\/p>\n<p>Min t\u00f6\u00f6k\u00f5rgus\u00a0 \u00a0 62 cm<\/p>\n<p>Pikkus kokkupakituna 61,4 cm<\/p>\n<p>Kaal 1,69 kg<\/p>\n<p>Materjal alumiinium<\/p>\n<p>Kiirkinnitusplaat<\/p>\n","protected":false},"featured_media":1192,"template":"","meta":[],"product_cat":[26],"product_tag":[],"class_list":["post-1191","product","type-product","status-publish","has-post-thumbnail","hentry","product_cat-statiivid-ja-tarvikud"],"_links":{"self":[{"href":"https:\/\/pood.vorufoto.ee\/en\/wp-json\/wp\/v2\/product\/1191","targetHints":{"allow":["GET"]}}],"collection":[{"href":"https:\/\/pood.vorufoto.ee\/en\/wp-json\/wp\/v2\/product"}],"about":[{"href":"https:\/\/pood.vorufoto.ee\/en\/wp-json\/wp\/v2\/types\/product"}],"wp:featuredmedia":[{"embeddable":true,"href":"https:\/\/pood.vorufoto.ee\/en\/wp-json\/wp\/v2\/media\/1192"}],"wp:attachment":[{"href":"https:\/\/pood.vorufoto.ee\/en\/wp-json\/wp\/v2\/media?parent=1191"}],"wp:term":[{"taxonomy":"product_cat","embeddable":true,"href":"https:\/\/pood.vorufoto.ee\/en\/wp-json\/wp\/v2\/product_cat?post=1191"},{"taxonomy":"product_tag","embeddable":true,"href":"https:\/\/pood.vorufoto.ee\/en\/wp-json\/wp\/v2\/product_tag?post=1191"}],"curies":[{"name":"wp","href":"https:\/\/api.w.org\/{rel}","templated":true}]}}