{"id":1184,"date":"2026-02-16T05:40:50","date_gmt":"2026-02-16T05:40:50","guid":{"rendered":"https:\/\/pood.vorufoto.ee\/?post_type=product&#038;p=1184"},"modified":"2026-02-16T05:45:49","modified_gmt":"2026-02-16T05:45:49","slug":"statiiv-sirui-r-2004","status":"publish","type":"product","link":"https:\/\/pood.vorufoto.ee\/en\/shop\/statiivid-ja-tarvikud\/statiiv-sirui-r-2004\/","title":{"rendered":"Statiiv SIRUI R-2004"},"content":{"rendered":"<p>Materjal: alumiinium<\/p>\n<p>Max t\u00f6\u00f6k\u00f5rgus: 163 cm<\/p>\n<p>Min t\u00f6\u00f6k\u00f5rgusw 38,5 cm<\/p>\n<p>Kaal 1,7 kg<\/p>\n<p>Kandev\u00f5ime: 15 kg<\/p>\n<p>Pikkus kokkupandult: 52,5 cm<\/p>\n<p>Vesilood<\/p>\n<p>&nbsp;<\/p>\n","protected":false},"excerpt":{"rendered":"<p>Materjal: alumiinium Max t\u00f6\u00f6k\u00f5rgus: 163 cm Min t\u00f6\u00f6k\u00f5rgusw 38,5 cm Kaal 1,7 kg Kandev\u00f5ime: 15 kg Pikkus kokkupandult: 52,5 cm Vesilood &nbsp;<\/p>\n","protected":false},"featured_media":1185,"template":"","meta":[],"product_cat":[26],"product_tag":[],"class_list":["post-1184","product","type-product","status-publish","has-post-thumbnail","hentry","product_cat-statiivid-ja-tarvikud"],"_links":{"self":[{"href":"https:\/\/pood.vorufoto.ee\/en\/wp-json\/wp\/v2\/product\/1184","targetHints":{"allow":["GET"]}}],"collection":[{"href":"https:\/\/pood.vorufoto.ee\/en\/wp-json\/wp\/v2\/product"}],"about":[{"href":"https:\/\/pood.vorufoto.ee\/en\/wp-json\/wp\/v2\/types\/product"}],"wp:featuredmedia":[{"embeddable":true,"href":"https:\/\/pood.vorufoto.ee\/en\/wp-json\/wp\/v2\/media\/1185"}],"wp:attachment":[{"href":"https:\/\/pood.vorufoto.ee\/en\/wp-json\/wp\/v2\/media?parent=1184"}],"wp:term":[{"taxonomy":"product_cat","embeddable":true,"href":"https:\/\/pood.vorufoto.ee\/en\/wp-json\/wp\/v2\/product_cat?post=1184"},{"taxonomy":"product_tag","embeddable":true,"href":"https:\/\/pood.vorufoto.ee\/en\/wp-json\/wp\/v2\/product_tag?post=1184"}],"curies":[{"name":"wp","href":"https:\/\/api.w.org\/{rel}","templated":true}]}}